{"id":988,"date":"2022-08-27T19:46:45","date_gmt":"2022-08-27T19:46:45","guid":{"rendered":"https:\/\/combat-ignifug.ro\/?page_id=988"},"modified":"2022-08-27T19:46:45","modified_gmt":"2022-08-27T19:46:45","slug":"refund_returns","status":"publish","type":"page","link":"https:\/\/combat-ignifug.ro\/?page_id=988","title":{"rendered":"Politica de retur"},"content":{"rendered":"<h1 style=\"font-weight: 400;\">Politica de retur<\/h1>\n<h3 style=\"font-weight: 400;\"><strong style=\"font-weight: 400;\">Returnarea produselor livrate \u015fi restituirea pl\u0103\u0163ii<\/strong><\/h3>\n<h3 style=\"font-weight: 400;\">Clien\u021bii persoane fizice pot\u00a0 solicita returnarea produselor comandate \u015fi livrate deja \u00een termen de maxim 14 zile calendaristice de la recep\u0163ionarea acestora. Pentru aceasta v\u0103 rug\u0103m s\u0103 ne comunica\u0163i numele, adresa \u015fi num\u0103rul comenzii dumneavoastr\u0103, pe adresa office@ignirom.ro.<\/h3>\n<h3 style=\"font-weight: 400;\">\u00a0<\/h3>\n<h3 style=\"font-weight: 400;\"><strong style=\"font-weight: 400;\">In cazul persoanelor juridice (inclusiv PFA), acestea nu au calitate de consumator, ne rezervam dreptul de a accepta returul produselor si constituirea contravalorii acestora ca avans marfa pentru comenzi viitoare sau de a nu da curs solicitarii de retur.<\/strong><\/h3>\n<h3 style=\"font-weight: 400;\"><strong style=\"font-weight: 400;\">\u00a0<\/strong><\/h3>\n<h3 style=\"font-weight: 400;\">Ordonan\u021ba 34\/2014 vine pe fondul unor modific\u0103ri la nivelul UE \u0219i\u00a0abrog\u0103 vechea ordonan\u021b\u0103 130\/2000, cea care prevedea, de exemplu, dreptul de retur \u00een 10 zile lucr\u0103toare, \u0219i-l \u00eenlocuie\u0219te cu un\u00a0drept de retur \u00een 14 zile calendaristice, valabil \u00een continuare doar pentru persoane fizice.<\/h3>\n<h3 style=\"font-weight: 400;\"><strong style=\"font-weight: 400;\">\u00a0<\/strong><\/h3>\n<h3 style=\"font-weight: 400;\">Returnarea produselor se accept\u0103 de c\u0103tre IGNIROM SRL numai dac\u0103 sunt respectate urm\u0103toarele condi\u0163ii:<\/h3>\n<h3 style=\"font-weight: 400;\">1.\u00a0Termenul legal sa nu depaseasca 14 zile din momentul receptiei produsului de catre client<\/h3>\n<h3 style=\"font-weight: 400;\">2. Produsele returnate nu trebuie sa fie deformate palite sau deterioarate;<\/h3>\n<h3 style=\"font-weight: 400;\">Va rugam nu receptionati produsele\u00a0care prezinta urme clare de lovituri sau orice alte pagube cauzate de o manipulare defectuoasa.\u00a0<br \/>3. Toate costurile pentru transportul produselor returnate la depozitul IGNIROM SRL sunt suportate exclusiv de c\u0103tre client.<\/h3>\n<h3 style=\"font-weight: 400;\">4.\u00a0<strong style=\"font-weight: 400;\">Orice modificare adusa produselor de ordin estetic sau tehnic poate duce la pierderea dreptului de retur al produselor.<\/strong><\/h3>\n<h3 style=\"font-weight: 400;\">La sosirea produselor retur se va face o verificare, si se va evalua daca sunt costuri cu reambalarea sau costuri de alta natura.\u00a0\u00a0<\/h3>\n<h3 style=\"font-weight: 400;\">Toate costurile cu reambalarea si costuri de alta natura vor fi comunicate in scris sau telefonic in termen de maxim 10 zile lucratoare, din momentul receptionarii retururilor.<\/h3>\n<h3 style=\"font-weight: 400;\">Suma aferenta returului se ramburseaza intr-un cont bancar valid (in lei) deschis pe numele titularului de factura.\u00cen cazul \u00een care cump\u0103r\u0103torul nu achit\u0103 transportul \u00een momentul returului, IGNIROM SRL \u00ee\u015fi rezerv\u0103 dreptul de a re\u0163ine costurile de transport din valoarea produselor care urmeaz\u0103 a fi returnate.<\/h3>\n<h3 style=\"font-weight: 400;\"><b>NU RECEPTIONATI produse care prezinta urme clare de lovituri sau orice alte pagube cauzate de o manipulare defectuoasa!<\/b><\/h3>\n<h3 style=\"font-weight: 400;\">In cazul accept\u0103rii unui retur de produse, IGNIROM SRL va emite o factur\u0103 &#8222;storno&#8221;, \u00een conformitate cu prevederile legale \u00een vigoare, \u00een momentul recep\u0163ion\u0103rii produselor \u00een depozitul IGNIROM SRL<br \/>\u00cen maxim 30 de zile calendaristice de la recep\u0163ionarea produselor, va returna cump\u0103r\u0103torului valoarea produselor conform condi\u0163iilor din prezentul document.<br \/>\u00a0Aten\u0163ie!<br \/>\u00a0Produsele trebuie s\u0103 fie returnate \u00een stare bun\u0103 \u015fi f\u0103r\u0103 modificari de ordin estetic sau tehnic.\u00a0<\/h3>\n<h3 style=\"font-weight: 400;\"><strong style=\"font-weight: 400;\">Orice modificare adusa produselor de ordin estetic sau tehnic poate duce la pierderea dreptului de retur al produselor.<\/strong><\/h3>\n","protected":false},"excerpt":{"rendered":"<p>Politica de retur Returnarea produselor livrate \u015fi restituirea pl\u0103\u0163ii Clien\u021bii persoane fizice pot\u00a0 solicita returnarea produselor comandate \u015fi livrate deja \u00een termen de maxim 14 zile calendaristice de la recep\u0163ionarea acestora. Pentru aceasta v\u0103 rug\u0103m s\u0103 ne comunica\u0163i numele, adresa \u015fi num\u0103rul comenzii dumneavoastr\u0103, pe adresa office@ignirom.ro. \u00a0 In cazul persoanelor juridice (inclusiv PFA), acestea [&hellip;]<\/p>\n","protected":false},"author":1,"featured_media":0,"parent":0,"menu_order":0,"comment_status":"closed","ping_status":"closed","template":"100-width.php","meta":{"footnotes":""},"class_list":["post-988","page","type-page","status-publish","hentry"],"yoast_head":"<!-- This site is optimized with the Yoast SEO plugin v23.8 - https:\/\/yoast.com\/wordpress\/plugins\/seo\/ -->\n<title>Politica de retur - Solutie Ignifuga Combat Total Protect - IGNIROM SRL<\/title>\n<meta name=\"robots\" content=\"index, follow, max-snippet:-1, max-image-preview:large, max-video-preview:-1\" \/>\n<link rel=\"canonical\" href=\"https:\/\/combat-ignifug.ro\/?page_id=988\" \/>\n<meta property=\"og:locale\" content=\"ro_RO\" \/>\n<meta property=\"og:type\" content=\"article\" \/>\n<meta property=\"og:title\" content=\"Politica de retur - Solutie Ignifuga Combat Total Protect - IGNIROM SRL\" \/>\n<meta property=\"og:description\" content=\"Politica de retur Returnarea produselor livrate \u015fi restituirea pl\u0103\u0163ii Clien\u021bii persoane fizice pot\u00a0 solicita returnarea produselor comandate \u015fi livrate deja \u00een termen de maxim 14 zile calendaristice de la recep\u0163ionarea acestora. Pentru aceasta v\u0103 rug\u0103m s\u0103 ne comunica\u0163i numele, adresa \u015fi num\u0103rul comenzii dumneavoastr\u0103, pe adresa office@ignirom.ro. \u00a0 In cazul persoanelor juridice (inclusiv PFA), acestea [&hellip;]\" \/>\n<meta property=\"og:url\" content=\"https:\/\/combat-ignifug.ro\/?page_id=988\" \/>\n<meta property=\"og:site_name\" content=\"Solutie Ignifuga Combat Total Protect - IGNIROM SRL\" \/>\n<meta property=\"article:publisher\" content=\"https:\/\/www.facebook.com\/ignifugarelemn\/\" \/>\n<meta name=\"twitter:card\" content=\"summary_large_image\" \/>\n<meta name=\"twitter:label1\" content=\"Timp estimat pentru citire\" \/>\n\t<meta name=\"twitter:data1\" content=\"3 minute\" \/>\n<script type=\"application\/ld+json\" class=\"yoast-schema-graph\">{\"@context\":\"https:\/\/schema.org\",\"@graph\":[{\"@type\":\"WebPage\",\"@id\":\"https:\/\/combat-ignifug.ro\/?page_id=988\",\"url\":\"https:\/\/combat-ignifug.ro\/?page_id=988\",\"name\":\"Politica de retur - Solutie Ignifuga Combat Total Protect - IGNIROM SRL\",\"isPartOf\":{\"@id\":\"https:\/\/combat-ignifug.ro\/#website\"},\"datePublished\":\"2022-08-27T19:46:45+00:00\",\"dateModified\":\"2022-08-27T19:46:45+00:00\",\"breadcrumb\":{\"@id\":\"https:\/\/combat-ignifug.ro\/?page_id=988#breadcrumb\"},\"inLanguage\":\"ro-RO\",\"potentialAction\":[{\"@type\":\"ReadAction\",\"target\":[\"https:\/\/combat-ignifug.ro\/?page_id=988\"]}]},{\"@type\":\"BreadcrumbList\",\"@id\":\"https:\/\/combat-ignifug.ro\/?page_id=988#breadcrumb\",\"itemListElement\":[{\"@type\":\"ListItem\",\"position\":1,\"name\":\"Prima pagin\u0103\",\"item\":\"https:\/\/combat-ignifug.ro\/\"},{\"@type\":\"ListItem\",\"position\":2,\"name\":\"Politica de retur\"}]},{\"@type\":\"WebSite\",\"@id\":\"https:\/\/combat-ignifug.ro\/#website\",\"url\":\"https:\/\/combat-ignifug.ro\/\",\"name\":\"Solutie Ignifuga Combat Total Protect - IGNIROM SRL\",\"description\":\"Producator solutie ignifuga B-s1; d0\",\"publisher\":{\"@id\":\"https:\/\/combat-ignifug.ro\/#organization\"},\"potentialAction\":[{\"@type\":\"SearchAction\",\"target\":{\"@type\":\"EntryPoint\",\"urlTemplate\":\"https:\/\/combat-ignifug.ro\/?s={search_term_string}\"},\"query-input\":{\"@type\":\"PropertyValueSpecification\",\"valueRequired\":true,\"valueName\":\"search_term_string\"}}],\"inLanguage\":\"ro-RO\"},{\"@type\":\"Organization\",\"@id\":\"https:\/\/combat-ignifug.ro\/#organization\",\"name\":\"Solutie Ignifuga lemn - Combat Total Protect\",\"url\":\"https:\/\/combat-ignifug.ro\/\",\"logo\":{\"@type\":\"ImageObject\",\"inLanguage\":\"ro-RO\",\"@id\":\"https:\/\/combat-ignifug.ro\/#\/schema\/logo\/image\/\",\"url\":\"https:\/\/combat-ignifug.ro\/wp-content\/uploads\/2022\/08\/800.png\",\"contentUrl\":\"https:\/\/combat-ignifug.ro\/wp-content\/uploads\/2022\/08\/800.png\",\"width\":3135,\"height\":1075,\"caption\":\"Solutie Ignifuga lemn - Combat Total Protect\"},\"image\":{\"@id\":\"https:\/\/combat-ignifug.ro\/#\/schema\/logo\/image\/\"},\"sameAs\":[\"https:\/\/www.facebook.com\/ignifugarelemn\/\",\"https:\/\/m.youtube.com\/c\/IgniromRo\",\"https:\/\/www.instagram.com\/ignirom.protectii.foc\/\"]}]}<\/script>\n<!-- \/ Yoast SEO plugin. -->","yoast_head_json":{"title":"Politica de retur - Solutie Ignifuga Combat Total Protect - IGNIROM SRL","robots":{"index":"index","follow":"follow","max-snippet":"max-snippet:-1","max-image-preview":"max-image-preview:large","max-video-preview":"max-video-preview:-1"},"canonical":"https:\/\/combat-ignifug.ro\/?page_id=988","og_locale":"ro_RO","og_type":"article","og_title":"Politica de retur - Solutie Ignifuga Combat Total Protect - IGNIROM SRL","og_description":"Politica de retur Returnarea produselor livrate \u015fi restituirea pl\u0103\u0163ii Clien\u021bii persoane fizice pot\u00a0 solicita returnarea produselor comandate \u015fi livrate deja \u00een termen de maxim 14 zile calendaristice de la recep\u0163ionarea acestora. Pentru aceasta v\u0103 rug\u0103m s\u0103 ne comunica\u0163i numele, adresa \u015fi num\u0103rul comenzii dumneavoastr\u0103, pe adresa office@ignirom.ro. \u00a0 In cazul persoanelor juridice (inclusiv PFA), acestea [&hellip;]","og_url":"https:\/\/combat-ignifug.ro\/?page_id=988","og_site_name":"Solutie Ignifuga Combat Total Protect - IGNIROM SRL","article_publisher":"https:\/\/www.facebook.com\/ignifugarelemn\/","twitter_card":"summary_large_image","twitter_misc":{"Timp estimat pentru citire":"3 minute"},"schema":{"@context":"https:\/\/schema.org","@graph":[{"@type":"WebPage","@id":"https:\/\/combat-ignifug.ro\/?page_id=988","url":"https:\/\/combat-ignifug.ro\/?page_id=988","name":"Politica de retur - Solutie Ignifuga Combat Total Protect - IGNIROM SRL","isPartOf":{"@id":"https:\/\/combat-ignifug.ro\/#website"},"datePublished":"2022-08-27T19:46:45+00:00","dateModified":"2022-08-27T19:46:45+00:00","breadcrumb":{"@id":"https:\/\/combat-ignifug.ro\/?page_id=988#breadcrumb"},"inLanguage":"ro-RO","potentialAction":[{"@type":"ReadAction","target":["https:\/\/combat-ignifug.ro\/?page_id=988"]}]},{"@type":"BreadcrumbList","@id":"https:\/\/combat-ignifug.ro\/?page_id=988#breadcrumb","itemListElement":[{"@type":"ListItem","position":1,"name":"Prima pagin\u0103","item":"https:\/\/combat-ignifug.ro\/"},{"@type":"ListItem","position":2,"name":"Politica de retur"}]},{"@type":"WebSite","@id":"https:\/\/combat-ignifug.ro\/#website","url":"https:\/\/combat-ignifug.ro\/","name":"Solutie Ignifuga Combat Total Protect - IGNIROM SRL","description":"Producator solutie ignifuga B-s1; d0","publisher":{"@id":"https:\/\/combat-ignifug.ro\/#organization"},"potentialAction":[{"@type":"SearchAction","target":{"@type":"EntryPoint","urlTemplate":"https:\/\/combat-ignifug.ro\/?s={search_term_string}"},"query-input":{"@type":"PropertyValueSpecification","valueRequired":true,"valueName":"search_term_string"}}],"inLanguage":"ro-RO"},{"@type":"Organization","@id":"https:\/\/combat-ignifug.ro\/#organization","name":"Solutie Ignifuga lemn - Combat Total Protect","url":"https:\/\/combat-ignifug.ro\/","logo":{"@type":"ImageObject","inLanguage":"ro-RO","@id":"https:\/\/combat-ignifug.ro\/#\/schema\/logo\/image\/","url":"https:\/\/combat-ignifug.ro\/wp-content\/uploads\/2022\/08\/800.png","contentUrl":"https:\/\/combat-ignifug.ro\/wp-content\/uploads\/2022\/08\/800.png","width":3135,"height":1075,"caption":"Solutie Ignifuga lemn - Combat Total Protect"},"image":{"@id":"https:\/\/combat-ignifug.ro\/#\/schema\/logo\/image\/"},"sameAs":["https:\/\/www.facebook.com\/ignifugarelemn\/","https:\/\/m.youtube.com\/c\/IgniromRo","https:\/\/www.instagram.com\/ignirom.protectii.foc\/"]}]}},"_links":{"self":[{"href":"https:\/\/combat-ignifug.ro\/index.php?rest_route=\/wp\/v2\/pages\/988","targetHints":{"allow":["GET"]}}],"collection":[{"href":"https:\/\/combat-ignifug.ro\/index.php?rest_route=\/wp\/v2\/pages"}],"about":[{"href":"https:\/\/combat-ignifug.ro\/index.php?rest_route=\/wp\/v2\/types\/page"}],"author":[{"embeddable":true,"href":"https:\/\/combat-ignifug.ro\/index.php?rest_route=\/wp\/v2\/users\/1"}],"replies":[{"embeddable":true,"href":"https:\/\/combat-ignifug.ro\/index.php?rest_route=%2Fwp%2Fv2%2Fcomments&post=988"}],"version-history":[{"count":1,"href":"https:\/\/combat-ignifug.ro\/index.php?rest_route=\/wp\/v2\/pages\/988\/revisions"}],"predecessor-version":[{"id":1086,"href":"https:\/\/combat-ignifug.ro\/index.php?rest_route=\/wp\/v2\/pages\/988\/revisions\/1086"}],"wp:attachment":[{"href":"https:\/\/combat-ignifug.ro\/index.php?rest_route=%2Fwp%2Fv2%2Fmedia&parent=988"}],"curies":[{"name":"wp","href":"https:\/\/api.w.org\/{rel}","templated":true}]}}