{"id":3,"date":"2022-08-22T17:35:35","date_gmt":"2022-08-22T17:35:35","guid":{"rendered":"https:\/\/combat-ignifug.ro\/?page_id=3"},"modified":"2022-08-27T19:41:47","modified_gmt":"2022-08-27T19:41:47","slug":"politica-de-confidentialitate","status":"publish","type":"page","link":"https:\/\/combat-ignifug.ro\/?page_id=3","title":{"rendered":"Politic\u0103 de confiden\u021bialitate"},"content":{"rendered":"<h1 id=\"page-title\">Politica de confidentialitate<\/h1>\n<h3>\u00a0Asigurarea confiden\u0163ialit\u0103\u0163ii datelor dumneavoastr\u0103 personale reprezint\u0103 un aspect important pentru IGNIROM SRL, astfel c\u0103 \u00een scopul \u00eendeplinirii obliga\u0163iilor contractuale, societatea noastr\u0103 solicit\u0103 de la dumneavoastr\u0103 date personale ca: nume \u015fi prenume, adres\u0103 de domiciliu, num\u0103r de telefon, adres\u0103 de e-mail. Aceste date ne sunt necesare pentru identificarea dumneavoastr\u0103 pentru a facilita comunicarea \u00een scopul ini\u0163ierii sau\/\u015fi \u00eencheierii unei facturi fiscale pentru produsele din magazinul online, precum \u015fi \u00een scopuri de arhivare.<\/h3>\n<h3>Datele sunt p\u0103strate \u015fi utilizate doar \u00een scopurile indicate mai sus, excep\u0163ie f\u0103c\u00e2nd cazul \u00een care a\u0163i consim\u0163it, \u00een mod expres, la o alt\u0103 utilizare a acestora.<\/h3>\n<h3>Societatea noastr\u0103 garanteaz\u0103 respectarea tuturor drepturilor privind securitatea datelor personale, precum \u015fi faptul c\u0103 p\u0103streaz\u00e3 \u015fi utilizeaz\u0103 aceste date personale \u00een conformitate cu dispozi\u0163iile Legii 677\/2001- pentru protec\u0163ia persoanelor cu privire la prelucrarea datelor cu caracter personal \u015fi libera circula\u0163ie a acestor date. Persoanele fizice ale c\u0103ror date vor fi stocate au drept de acces, de interven\u0163ie, de informare \u015fi de opozi\u0163ie asupra datelor personale stocate \u015fi pot s\u0103 \u00ee\u015fi exercite aceste drepturi printr-o cerere scris\u0103, datat\u0103 \u015fi semnat\u0103 la IGNIROM SRL.<\/h3>\n<h3>IGNIROM SRL consider\u0103 datele dumneavoastr\u0103 personale confiden\u0163iale, iar prin completarea acestor rubrici dvs. v\u0103 da\u0163i acordul expres pentru pentru colectarea, \u00eenregistrarea, stocarea, utilizarea, consultarea sau procesarea acestora pentru scopul utiliz\u0103rii facile a site-ului, pentru a v\u0103 putea recunoa\u015fte ca utilizator \u00eenregistrat, dup\u0103 mai multe vizite succesive.<br \/>Pentru detalii suplimentare privind Politica de confiden\u0163ialitate, nu ezita\u0163i s\u0103 ne contacta\u0163i prin e-mail la adresa : office@ignirom.ro<\/h3>\n","protected":false},"excerpt":{"rendered":"<p>Politica de confidentialitate \u00a0Asigurarea confiden\u0163ialit\u0103\u0163ii datelor dumneavoastr\u0103 personale reprezint\u0103 un aspect important pentru IGNIROM SRL, astfel c\u0103 \u00een scopul \u00eendeplinirii obliga\u0163iilor contractuale, societatea noastr\u0103 solicit\u0103 de la dumneavoastr\u0103 date personale ca: nume \u015fi prenume, adres\u0103 de domiciliu, num\u0103r de telefon, adres\u0103 de e-mail. Aceste date ne sunt necesare pentru identificarea dumneavoastr\u0103 pentru a facilita comunicarea [&hellip;]<\/p>\n","protected":false},"author":1,"featured_media":0,"parent":0,"menu_order":0,"comment_status":"closed","ping_status":"open","template":"","meta":{"footnotes":""},"class_list":["post-3","page","type-page","status-publish","hentry"],"yoast_head":"<!-- This site is optimized with the Yoast SEO plugin v23.8 - https:\/\/yoast.com\/wordpress\/plugins\/seo\/ -->\n<title>Politic\u0103 de confiden\u021bialitate - Solutie Ignifuga Combat Total Protect - IGNIROM SRL<\/title>\n<meta name=\"robots\" content=\"index, follow, max-snippet:-1, max-image-preview:large, max-video-preview:-1\" \/>\n<link rel=\"canonical\" href=\"https:\/\/combat-ignifug.ro\/?page_id=3\" \/>\n<meta property=\"og:locale\" content=\"ro_RO\" \/>\n<meta property=\"og:type\" content=\"article\" \/>\n<meta property=\"og:title\" content=\"Politic\u0103 de confiden\u021bialitate - Solutie Ignifuga Combat Total Protect - IGNIROM SRL\" \/>\n<meta property=\"og:description\" content=\"Politica de confidentialitate \u00a0Asigurarea confiden\u0163ialit\u0103\u0163ii datelor dumneavoastr\u0103 personale reprezint\u0103 un aspect important pentru IGNIROM SRL, astfel c\u0103 \u00een scopul \u00eendeplinirii obliga\u0163iilor contractuale, societatea noastr\u0103 solicit\u0103 de la dumneavoastr\u0103 date personale ca: nume \u015fi prenume, adres\u0103 de domiciliu, num\u0103r de telefon, adres\u0103 de e-mail. Aceste date ne sunt necesare pentru identificarea dumneavoastr\u0103 pentru a facilita comunicarea [&hellip;]\" \/>\n<meta property=\"og:url\" content=\"https:\/\/combat-ignifug.ro\/?page_id=3\" \/>\n<meta property=\"og:site_name\" content=\"Solutie Ignifuga Combat Total Protect - IGNIROM SRL\" \/>\n<meta property=\"article:publisher\" content=\"https:\/\/www.facebook.com\/ignifugarelemn\/\" \/>\n<meta property=\"article:modified_time\" content=\"2022-08-27T19:41:47+00:00\" \/>\n<meta name=\"twitter:card\" content=\"summary_large_image\" \/>\n<meta name=\"twitter:label1\" content=\"Timp estimat pentru citire\" \/>\n\t<meta name=\"twitter:data1\" content=\"2 minute\" \/>\n<script type=\"application\/ld+json\" class=\"yoast-schema-graph\">{\"@context\":\"https:\/\/schema.org\",\"@graph\":[{\"@type\":\"WebPage\",\"@id\":\"https:\/\/combat-ignifug.ro\/?page_id=3\",\"url\":\"https:\/\/combat-ignifug.ro\/?page_id=3\",\"name\":\"Politic\u0103 de confiden\u021bialitate - Solutie Ignifuga Combat Total Protect - IGNIROM SRL\",\"isPartOf\":{\"@id\":\"https:\/\/combat-ignifug.ro\/#website\"},\"datePublished\":\"2022-08-22T17:35:35+00:00\",\"dateModified\":\"2022-08-27T19:41:47+00:00\",\"breadcrumb\":{\"@id\":\"https:\/\/combat-ignifug.ro\/?page_id=3#breadcrumb\"},\"inLanguage\":\"ro-RO\",\"potentialAction\":[{\"@type\":\"ReadAction\",\"target\":[\"https:\/\/combat-ignifug.ro\/?page_id=3\"]}]},{\"@type\":\"BreadcrumbList\",\"@id\":\"https:\/\/combat-ignifug.ro\/?page_id=3#breadcrumb\",\"itemListElement\":[{\"@type\":\"ListItem\",\"position\":1,\"name\":\"Prima pagin\u0103\",\"item\":\"https:\/\/combat-ignifug.ro\/\"},{\"@type\":\"ListItem\",\"position\":2,\"name\":\"Politic\u0103 de confiden\u021bialitate\"}]},{\"@type\":\"WebSite\",\"@id\":\"https:\/\/combat-ignifug.ro\/#website\",\"url\":\"https:\/\/combat-ignifug.ro\/\",\"name\":\"Solutie Ignifuga Combat Total Protect - IGNIROM SRL\",\"description\":\"Producator solutie ignifuga B-s1; d0\",\"publisher\":{\"@id\":\"https:\/\/combat-ignifug.ro\/#organization\"},\"potentialAction\":[{\"@type\":\"SearchAction\",\"target\":{\"@type\":\"EntryPoint\",\"urlTemplate\":\"https:\/\/combat-ignifug.ro\/?s={search_term_string}\"},\"query-input\":{\"@type\":\"PropertyValueSpecification\",\"valueRequired\":true,\"valueName\":\"search_term_string\"}}],\"inLanguage\":\"ro-RO\"},{\"@type\":\"Organization\",\"@id\":\"https:\/\/combat-ignifug.ro\/#organization\",\"name\":\"Solutie Ignifuga lemn - Combat Total Protect\",\"url\":\"https:\/\/combat-ignifug.ro\/\",\"logo\":{\"@type\":\"ImageObject\",\"inLanguage\":\"ro-RO\",\"@id\":\"https:\/\/combat-ignifug.ro\/#\/schema\/logo\/image\/\",\"url\":\"https:\/\/combat-ignifug.ro\/wp-content\/uploads\/2022\/08\/800.png\",\"contentUrl\":\"https:\/\/combat-ignifug.ro\/wp-content\/uploads\/2022\/08\/800.png\",\"width\":3135,\"height\":1075,\"caption\":\"Solutie Ignifuga lemn - Combat Total Protect\"},\"image\":{\"@id\":\"https:\/\/combat-ignifug.ro\/#\/schema\/logo\/image\/\"},\"sameAs\":[\"https:\/\/www.facebook.com\/ignifugarelemn\/\",\"https:\/\/m.youtube.com\/c\/IgniromRo\",\"https:\/\/www.instagram.com\/ignirom.protectii.foc\/\"]}]}<\/script>\n<!-- \/ Yoast SEO plugin. -->","yoast_head_json":{"title":"Politic\u0103 de confiden\u021bialitate - Solutie Ignifuga Combat Total Protect - IGNIROM SRL","robots":{"index":"index","follow":"follow","max-snippet":"max-snippet:-1","max-image-preview":"max-image-preview:large","max-video-preview":"max-video-preview:-1"},"canonical":"https:\/\/combat-ignifug.ro\/?page_id=3","og_locale":"ro_RO","og_type":"article","og_title":"Politic\u0103 de confiden\u021bialitate - Solutie Ignifuga Combat Total Protect - IGNIROM SRL","og_description":"Politica de confidentialitate \u00a0Asigurarea confiden\u0163ialit\u0103\u0163ii datelor dumneavoastr\u0103 personale reprezint\u0103 un aspect important pentru IGNIROM SRL, astfel c\u0103 \u00een scopul \u00eendeplinirii obliga\u0163iilor contractuale, societatea noastr\u0103 solicit\u0103 de la dumneavoastr\u0103 date personale ca: nume \u015fi prenume, adres\u0103 de domiciliu, num\u0103r de telefon, adres\u0103 de e-mail. Aceste date ne sunt necesare pentru identificarea dumneavoastr\u0103 pentru a facilita comunicarea [&hellip;]","og_url":"https:\/\/combat-ignifug.ro\/?page_id=3","og_site_name":"Solutie Ignifuga Combat Total Protect - IGNIROM SRL","article_publisher":"https:\/\/www.facebook.com\/ignifugarelemn\/","article_modified_time":"2022-08-27T19:41:47+00:00","twitter_card":"summary_large_image","twitter_misc":{"Timp estimat pentru citire":"2 minute"},"schema":{"@context":"https:\/\/schema.org","@graph":[{"@type":"WebPage","@id":"https:\/\/combat-ignifug.ro\/?page_id=3","url":"https:\/\/combat-ignifug.ro\/?page_id=3","name":"Politic\u0103 de confiden\u021bialitate - Solutie Ignifuga Combat Total Protect - IGNIROM SRL","isPartOf":{"@id":"https:\/\/combat-ignifug.ro\/#website"},"datePublished":"2022-08-22T17:35:35+00:00","dateModified":"2022-08-27T19:41:47+00:00","breadcrumb":{"@id":"https:\/\/combat-ignifug.ro\/?page_id=3#breadcrumb"},"inLanguage":"ro-RO","potentialAction":[{"@type":"ReadAction","target":["https:\/\/combat-ignifug.ro\/?page_id=3"]}]},{"@type":"BreadcrumbList","@id":"https:\/\/combat-ignifug.ro\/?page_id=3#breadcrumb","itemListElement":[{"@type":"ListItem","position":1,"name":"Prima pagin\u0103","item":"https:\/\/combat-ignifug.ro\/"},{"@type":"ListItem","position":2,"name":"Politic\u0103 de confiden\u021bialitate"}]},{"@type":"WebSite","@id":"https:\/\/combat-ignifug.ro\/#website","url":"https:\/\/combat-ignifug.ro\/","name":"Solutie Ignifuga Combat Total Protect - IGNIROM SRL","description":"Producator solutie ignifuga B-s1; d0","publisher":{"@id":"https:\/\/combat-ignifug.ro\/#organization"},"potentialAction":[{"@type":"SearchAction","target":{"@type":"EntryPoint","urlTemplate":"https:\/\/combat-ignifug.ro\/?s={search_term_string}"},"query-input":{"@type":"PropertyValueSpecification","valueRequired":true,"valueName":"search_term_string"}}],"inLanguage":"ro-RO"},{"@type":"Organization","@id":"https:\/\/combat-ignifug.ro\/#organization","name":"Solutie Ignifuga lemn - Combat Total Protect","url":"https:\/\/combat-ignifug.ro\/","logo":{"@type":"ImageObject","inLanguage":"ro-RO","@id":"https:\/\/combat-ignifug.ro\/#\/schema\/logo\/image\/","url":"https:\/\/combat-ignifug.ro\/wp-content\/uploads\/2022\/08\/800.png","contentUrl":"https:\/\/combat-ignifug.ro\/wp-content\/uploads\/2022\/08\/800.png","width":3135,"height":1075,"caption":"Solutie Ignifuga lemn - Combat Total Protect"},"image":{"@id":"https:\/\/combat-ignifug.ro\/#\/schema\/logo\/image\/"},"sameAs":["https:\/\/www.facebook.com\/ignifugarelemn\/","https:\/\/m.youtube.com\/c\/IgniromRo","https:\/\/www.instagram.com\/ignirom.protectii.foc\/"]}]}},"_links":{"self":[{"href":"https:\/\/combat-ignifug.ro\/index.php?rest_route=\/wp\/v2\/pages\/3","targetHints":{"allow":["GET"]}}],"collection":[{"href":"https:\/\/combat-ignifug.ro\/index.php?rest_route=\/wp\/v2\/pages"}],"about":[{"href":"https:\/\/combat-ignifug.ro\/index.php?rest_route=\/wp\/v2\/types\/page"}],"author":[{"embeddable":true,"href":"https:\/\/combat-ignifug.ro\/index.php?rest_route=\/wp\/v2\/users\/1"}],"replies":[{"embeddable":true,"href":"https:\/\/combat-ignifug.ro\/index.php?rest_route=%2Fwp%2Fv2%2Fcomments&post=3"}],"version-history":[{"count":1,"href":"https:\/\/combat-ignifug.ro\/index.php?rest_route=\/wp\/v2\/pages\/3\/revisions"}],"predecessor-version":[{"id":1085,"href":"https:\/\/combat-ignifug.ro\/index.php?rest_route=\/wp\/v2\/pages\/3\/revisions\/1085"}],"wp:attachment":[{"href":"https:\/\/combat-ignifug.ro\/index.php?rest_route=%2Fwp%2Fv2%2Fmedia&parent=3"}],"curies":[{"name":"wp","href":"https:\/\/api.w.org\/{rel}","templated":true}]}}